{"id":163,"date":"2019-04-25T09:21:16","date_gmt":"2019-04-25T12:21:16","guid":{"rendered":"http:\/\/wgpesca.com\/?page_id=163"},"modified":"2022-04-07T15:03:57","modified_gmt":"2022-04-07T18:03:57","slug":"servicos","status":"publish","type":"page","link":"https:\/\/wg.net-br.net\/en\/servicos","title":{"rendered":"services"},"content":{"rendered":"<p>Currently, the Services Subdivision of WG operates in the following areas:<\/p>\n<ul>\n<li>Consulting in information technology<\/li>\n<li>Business Management Consulting<\/li>\n<li>Commercial representation<\/li>\n<li>Intermediation and agency of services and business<\/li>\n<li>Web Systems Development<\/li>\n<li>Development of applications integrated with Blockchain technology<\/li>\n<li>Digital Asset Management<\/li>\n<\/ul>","protected":false},"excerpt":{"rendered":"<p>Currently, the Services Subdivision of WG operates in the following fields: Consulting in Information Technology Consulting in Business Management Commercial Representation Services and business intermediation and agency Development of Web Systems Development of applications integrated with Blockchain technology Management of Digital Assets<\/p>","protected":false},"author":1,"featured_media":0,"parent":0,"menu_order":0,"comment_status":"closed","ping_status":"closed","template":"","meta":{"loftloader_page_shortcode":"","footnotes":""},"class_list":["post-163","page","type-page","status-publish","hentry"],"yoast_head":"<!-- This site is optimized with the Yoast SEO plugin v27.4 - https:\/\/yoast.com\/product\/yoast-seo-wordpress\/ -->\n<title>Servi\u00e7os - WG Alimentos e Tecnologia<\/title>\n<meta name=\"robots\" content=\"index, follow, max-snippet:-1, max-image-preview:large, max-video-preview:-1\" \/>\n<link rel=\"canonical\" href=\"https:\/\/wg.net-br.net\/en\/servicos\/\" \/>\n<meta property=\"og:locale\" content=\"en_US\" \/>\n<meta property=\"og:type\" content=\"article\" \/>\n<meta property=\"og:title\" content=\"Servi\u00e7os - WG Alimentos e Tecnologia\" \/>\n<meta property=\"og:description\" content=\"Atualmente a Subdivis\u00e3o de Servi\u00e7os da WG atua nos seguintes ramos: Consultoria em Tecnologia da Informa\u00e7\u00e3o Consultoria em Gest\u00e3o Empresarial Representa\u00e7\u00e3o Comercial Intermedia\u00e7\u00e3o e agenciamento de servi\u00e7os e neg\u00f3cios Desenvolvimento de Sistemas Web Desenvolvimento de aplica\u00e7\u00f5es integrados a tecnologia Blockchain Gest\u00e3o de Ativos Digitais\" \/>\n<meta property=\"og:url\" content=\"https:\/\/wg.net-br.net\/en\/servicos\/\" \/>\n<meta property=\"og:site_name\" content=\"WG Alimentos e Tecnologia\" \/>\n<meta property=\"article:modified_time\" content=\"2022-04-07T18:03:57+00:00\" \/>\n<meta name=\"twitter:card\" content=\"summary_large_image\" \/>\n<meta name=\"twitter:label1\" content=\"Est. reading time\" \/>\n\t<meta name=\"twitter:data1\" content=\"1 minute\" \/>\n<script type=\"application\/ld+json\" class=\"yoast-schema-graph\">{\"@context\":\"https:\\\/\\\/schema.org\",\"@graph\":[{\"@type\":\"WebPage\",\"@id\":\"https:\\\/\\\/wg.net-br.net\\\/servicos\",\"url\":\"https:\\\/\\\/wg.net-br.net\\\/servicos\",\"name\":\"Servi\u00e7os - WG Alimentos e Tecnologia\",\"isPartOf\":{\"@id\":\"https:\\\/\\\/wg.net-br.net\\\/#website\"},\"datePublished\":\"2019-04-25T12:21:16+00:00\",\"dateModified\":\"2022-04-07T18:03:57+00:00\",\"breadcrumb\":{\"@id\":\"https:\\\/\\\/wg.net-br.net\\\/servicos#breadcrumb\"},\"inLanguage\":\"en-US\",\"potentialAction\":[{\"@type\":\"ReadAction\",\"target\":[\"https:\\\/\\\/wg.net-br.net\\\/servicos\"]}]},{\"@type\":\"BreadcrumbList\",\"@id\":\"https:\\\/\\\/wg.net-br.net\\\/servicos#breadcrumb\",\"itemListElement\":[{\"@type\":\"ListItem\",\"position\":1,\"name\":\"In\u00edcio\",\"item\":\"https:\\\/\\\/wg.net-br.net\\\/\"},{\"@type\":\"ListItem\",\"position\":2,\"name\":\"Servi\u00e7os\"}]},{\"@type\":\"WebSite\",\"@id\":\"https:\\\/\\\/wg.net-br.net\\\/#website\",\"url\":\"https:\\\/\\\/wg.net-br.net\\\/\",\"name\":\"WG Alimentos e Tecnologia\",\"description\":\"Qualidade e Agilidade\",\"publisher\":{\"@id\":\"https:\\\/\\\/wg.net-br.net\\\/#organization\"},\"potentialAction\":[{\"@type\":\"SearchAction\",\"target\":{\"@type\":\"EntryPoint\",\"urlTemplate\":\"https:\\\/\\\/wg.net-br.net\\\/?s={search_term_string}\"},\"query-input\":{\"@type\":\"PropertyValueSpecification\",\"valueRequired\":true,\"valueName\":\"search_term_string\"}}],\"inLanguage\":\"en-US\"},{\"@type\":\"Organization\",\"@id\":\"https:\\\/\\\/wg.net-br.net\\\/#organization\",\"name\":\"WG Alimentos e Tecnologia\",\"url\":\"https:\\\/\\\/wg.net-br.net\\\/\",\"logo\":{\"@type\":\"ImageObject\",\"inLanguage\":\"en-US\",\"@id\":\"https:\\\/\\\/wg.net-br.net\\\/#\\\/schema\\\/logo\\\/image\\\/\",\"url\":\"https:\\\/\\\/wg.net-br.net\\\/wp-content\\\/uploads\\\/2019\\\/02\\\/LOGOMARCA-WG-ALIMENTOS-TECNOLOGIA-LV.png\",\"contentUrl\":\"https:\\\/\\\/wg.net-br.net\\\/wp-content\\\/uploads\\\/2019\\\/02\\\/LOGOMARCA-WG-ALIMENTOS-TECNOLOGIA-LV.png\",\"width\":397,\"height\":374,\"caption\":\"WG Alimentos e Tecnologia\"},\"image\":{\"@id\":\"https:\\\/\\\/wg.net-br.net\\\/#\\\/schema\\\/logo\\\/image\\\/\"}}]}<\/script>\n<!-- \/ Yoast SEO plugin. -->","yoast_head_json":{"title":"Services - WG Food and Technology","robots":{"index":"index","follow":"follow","max-snippet":"max-snippet:-1","max-image-preview":"max-image-preview:large","max-video-preview":"max-video-preview:-1"},"canonical":"https:\/\/wg.net-br.net\/en\/servicos\/","og_locale":"en_US","og_type":"article","og_title":"Servi\u00e7os - WG Alimentos e Tecnologia","og_description":"Atualmente a Subdivis\u00e3o de Servi\u00e7os da WG atua nos seguintes ramos: Consultoria em Tecnologia da Informa\u00e7\u00e3o Consultoria em Gest\u00e3o Empresarial Representa\u00e7\u00e3o Comercial Intermedia\u00e7\u00e3o e agenciamento de servi\u00e7os e neg\u00f3cios Desenvolvimento de Sistemas Web Desenvolvimento de aplica\u00e7\u00f5es integrados a tecnologia Blockchain Gest\u00e3o de Ativos Digitais","og_url":"https:\/\/wg.net-br.net\/en\/servicos\/","og_site_name":"WG Alimentos e Tecnologia","article_modified_time":"2022-04-07T18:03:57+00:00","twitter_card":"summary_large_image","twitter_misc":{"Est. reading time":"1 minute"},"schema":{"@context":"https:\/\/schema.org","@graph":[{"@type":"WebPage","@id":"https:\/\/wg.net-br.net\/servicos","url":"https:\/\/wg.net-br.net\/servicos","name":"Services - WG Food and Technology","isPartOf":{"@id":"https:\/\/wg.net-br.net\/#website"},"datePublished":"2019-04-25T12:21:16+00:00","dateModified":"2022-04-07T18:03:57+00:00","breadcrumb":{"@id":"https:\/\/wg.net-br.net\/servicos#breadcrumb"},"inLanguage":"en-US","potentialAction":[{"@type":"ReadAction","target":["https:\/\/wg.net-br.net\/servicos"]}]},{"@type":"BreadcrumbList","@id":"https:\/\/wg.net-br.net\/servicos#breadcrumb","itemListElement":[{"@type":"ListItem","position":1,"name":"In\u00edcio","item":"https:\/\/wg.net-br.net\/"},{"@type":"ListItem","position":2,"name":"Servi\u00e7os"}]},{"@type":"WebSite","@id":"https:\/\/wg.net-br.net\/#website","url":"https:\/\/wg.net-br.net\/","name":"WG Food and Technology","description":"Quality and Agility","publisher":{"@id":"https:\/\/wg.net-br.net\/#organization"},"potentialAction":[{"@type":"SearchAction","target":{"@type":"EntryPoint","urlTemplate":"https:\/\/wg.net-br.net\/?s={search_term_string}"},"query-input":{"@type":"PropertyValueSpecification","valueRequired":true,"valueName":"search_term_string"}}],"inLanguage":"en-US"},{"@type":"Organization","@id":"https:\/\/wg.net-br.net\/#organization","name":"WG Food and Technology","url":"https:\/\/wg.net-br.net\/","logo":{"@type":"ImageObject","inLanguage":"en-US","@id":"https:\/\/wg.net-br.net\/#\/schema\/logo\/image\/","url":"https:\/\/wg.net-br.net\/wp-content\/uploads\/2019\/02\/LOGOMARCA-WG-ALIMENTOS-TECNOLOGIA-LV.png","contentUrl":"https:\/\/wg.net-br.net\/wp-content\/uploads\/2019\/02\/LOGOMARCA-WG-ALIMENTOS-TECNOLOGIA-LV.png","width":397,"height":374,"caption":"WG Alimentos e Tecnologia"},"image":{"@id":"https:\/\/wg.net-br.net\/#\/schema\/logo\/image\/"}}]}},"_links":{"self":[{"href":"https:\/\/wg.net-br.net\/en\/wp-json\/wp\/v2\/pages\/163","targetHints":{"allow":["GET"]}}],"collection":[{"href":"https:\/\/wg.net-br.net\/en\/wp-json\/wp\/v2\/pages"}],"about":[{"href":"https:\/\/wg.net-br.net\/en\/wp-json\/wp\/v2\/types\/page"}],"author":[{"embeddable":true,"href":"https:\/\/wg.net-br.net\/en\/wp-json\/wp\/v2\/users\/1"}],"replies":[{"embeddable":true,"href":"https:\/\/wg.net-br.net\/en\/wp-json\/wp\/v2\/comments?post=163"}],"version-history":[{"count":6,"href":"https:\/\/wg.net-br.net\/en\/wp-json\/wp\/v2\/pages\/163\/revisions"}],"predecessor-version":[{"id":454,"href":"https:\/\/wg.net-br.net\/en\/wp-json\/wp\/v2\/pages\/163\/revisions\/454"}],"wp:attachment":[{"href":"https:\/\/wg.net-br.net\/en\/wp-json\/wp\/v2\/media?parent=163"}],"curies":[{"name":"wp","href":"https:\/\/api.w.org\/{rel}","templated":true}]}}