{"id":182,"date":"2019-04-25T10:17:15","date_gmt":"2019-04-25T13:17:15","guid":{"rendered":"http:\/\/wgpesca.com\/?page_id=182"},"modified":"2021-06-29T17:06:48","modified_gmt":"2021-06-29T20:06:48","slug":"produtos","status":"publish","type":"page","link":"https:\/\/wg.net-br.net\/en\/produtos","title":{"rendered":"Products"},"content":{"rendered":"<p>Currently, WG sells the following types of products<\/p>\n<ul>\n<li>Complete In Natura Tuna without viscera<\/li>\n<li>In Natura Tuna in slices<\/li>\n<li>Bonito Striped In Natura complete without viscera<\/li>\n<li>Cute Striped In Natura in slices<\/li>\n<li>Sea bream In Natura complete without viscera<\/li>\n<li>Sea bream In Natura posts<\/li>\n<li>Mecca In Natura complete without viscera<\/li>\n<li>Mecca In Natura in posts<\/li>\n<li>canned tuna chunks<\/li>\n<li>canned tuna grated<\/li>\n<li>canned sardines<\/li>\n<\/ul>","protected":false},"excerpt":{"rendered":"<p>Currently, WG sells the following types of products In Natura Complete Tuna without viscera In Natura Tuna in fillets Bonito Striped In Natura complete without viscera Bonito Striped In Natura in fillets Sea Gold In Natura Complete without viscera In Natura Sea Gold Mecca In Natura steaks complete without viscera Mecca In Natura steaks Tuna\u2026<\/p>","protected":false},"author":1,"featured_media":0,"parent":0,"menu_order":0,"comment_status":"closed","ping_status":"closed","template":"","meta":{"loftloader_page_shortcode":"","footnotes":""},"class_list":["post-182","page","type-page","status-publish","hentry"],"yoast_head":"<!-- This site is optimized with the Yoast SEO plugin v27.4 - https:\/\/yoast.com\/product\/yoast-seo-wordpress\/ -->\n<title>Produtos - WG Alimentos e Tecnologia<\/title>\n<meta name=\"robots\" content=\"index, follow, max-snippet:-1, max-image-preview:large, max-video-preview:-1\" \/>\n<link rel=\"canonical\" href=\"https:\/\/wg.net-br.net\/en\/produtos\/\" \/>\n<meta property=\"og:locale\" content=\"en_US\" \/>\n<meta property=\"og:type\" content=\"article\" \/>\n<meta property=\"og:title\" content=\"Produtos - WG Alimentos e Tecnologia\" \/>\n<meta property=\"og:description\" content=\"Atualmente a WG comercializa os seguintes tipos de produtos Atum In Natura completo sem v\u00edsceras Atum In Natura em postas Bonito Listrado In Natura completo sem v\u00edsceras Bonito Listrado In Natura em postas Dourado-do-mar In Natura completo sem v\u00edsceras Dourado-do-mar In Natura postas Meca In Natura completo sem v\u00edsceras Meca In Natura em postas Atum&hellip;\" \/>\n<meta property=\"og:url\" content=\"https:\/\/wg.net-br.net\/en\/produtos\/\" \/>\n<meta property=\"og:site_name\" content=\"WG Alimentos e Tecnologia\" \/>\n<meta property=\"article:modified_time\" content=\"2021-06-29T20:06:48+00:00\" \/>\n<meta name=\"twitter:card\" content=\"summary_large_image\" \/>\n<script type=\"application\/ld+json\" class=\"yoast-schema-graph\">{\"@context\":\"https:\\\/\\\/schema.org\",\"@graph\":[{\"@type\":\"WebPage\",\"@id\":\"https:\\\/\\\/wg.net-br.net\\\/produtos\",\"url\":\"https:\\\/\\\/wg.net-br.net\\\/produtos\",\"name\":\"Produtos - WG Alimentos e Tecnologia\",\"isPartOf\":{\"@id\":\"https:\\\/\\\/wg.net-br.net\\\/#website\"},\"datePublished\":\"2019-04-25T13:17:15+00:00\",\"dateModified\":\"2021-06-29T20:06:48+00:00\",\"breadcrumb\":{\"@id\":\"https:\\\/\\\/wg.net-br.net\\\/produtos#breadcrumb\"},\"inLanguage\":\"en-US\",\"potentialAction\":[{\"@type\":\"ReadAction\",\"target\":[\"https:\\\/\\\/wg.net-br.net\\\/produtos\"]}]},{\"@type\":\"BreadcrumbList\",\"@id\":\"https:\\\/\\\/wg.net-br.net\\\/produtos#breadcrumb\",\"itemListElement\":[{\"@type\":\"ListItem\",\"position\":1,\"name\":\"In\u00edcio\",\"item\":\"https:\\\/\\\/wg.net-br.net\\\/\"},{\"@type\":\"ListItem\",\"position\":2,\"name\":\"Produtos\"}]},{\"@type\":\"WebSite\",\"@id\":\"https:\\\/\\\/wg.net-br.net\\\/#website\",\"url\":\"https:\\\/\\\/wg.net-br.net\\\/\",\"name\":\"WG Alimentos e Tecnologia\",\"description\":\"Qualidade e Agilidade\",\"publisher\":{\"@id\":\"https:\\\/\\\/wg.net-br.net\\\/#organization\"},\"potentialAction\":[{\"@type\":\"SearchAction\",\"target\":{\"@type\":\"EntryPoint\",\"urlTemplate\":\"https:\\\/\\\/wg.net-br.net\\\/?s={search_term_string}\"},\"query-input\":{\"@type\":\"PropertyValueSpecification\",\"valueRequired\":true,\"valueName\":\"search_term_string\"}}],\"inLanguage\":\"en-US\"},{\"@type\":\"Organization\",\"@id\":\"https:\\\/\\\/wg.net-br.net\\\/#organization\",\"name\":\"WG Alimentos e Tecnologia\",\"url\":\"https:\\\/\\\/wg.net-br.net\\\/\",\"logo\":{\"@type\":\"ImageObject\",\"inLanguage\":\"en-US\",\"@id\":\"https:\\\/\\\/wg.net-br.net\\\/#\\\/schema\\\/logo\\\/image\\\/\",\"url\":\"https:\\\/\\\/wg.net-br.net\\\/wp-content\\\/uploads\\\/2019\\\/02\\\/LOGOMARCA-WG-ALIMENTOS-TECNOLOGIA-LV.png\",\"contentUrl\":\"https:\\\/\\\/wg.net-br.net\\\/wp-content\\\/uploads\\\/2019\\\/02\\\/LOGOMARCA-WG-ALIMENTOS-TECNOLOGIA-LV.png\",\"width\":397,\"height\":374,\"caption\":\"WG Alimentos e Tecnologia\"},\"image\":{\"@id\":\"https:\\\/\\\/wg.net-br.net\\\/#\\\/schema\\\/logo\\\/image\\\/\"}}]}<\/script>\n<!-- \/ Yoast SEO plugin. -->","yoast_head_json":{"title":"Products - WG Food and Technology","robots":{"index":"index","follow":"follow","max-snippet":"max-snippet:-1","max-image-preview":"max-image-preview:large","max-video-preview":"max-video-preview:-1"},"canonical":"https:\/\/wg.net-br.net\/en\/produtos\/","og_locale":"en_US","og_type":"article","og_title":"Produtos - WG Alimentos e Tecnologia","og_description":"Atualmente a WG comercializa os seguintes tipos de produtos Atum In Natura completo sem v\u00edsceras Atum In Natura em postas Bonito Listrado In Natura completo sem v\u00edsceras Bonito Listrado In Natura em postas Dourado-do-mar In Natura completo sem v\u00edsceras Dourado-do-mar In Natura postas Meca In Natura completo sem v\u00edsceras Meca In Natura em postas Atum&hellip;","og_url":"https:\/\/wg.net-br.net\/en\/produtos\/","og_site_name":"WG Alimentos e Tecnologia","article_modified_time":"2021-06-29T20:06:48+00:00","twitter_card":"summary_large_image","schema":{"@context":"https:\/\/schema.org","@graph":[{"@type":"WebPage","@id":"https:\/\/wg.net-br.net\/produtos","url":"https:\/\/wg.net-br.net\/produtos","name":"Products - WG Food and Technology","isPartOf":{"@id":"https:\/\/wg.net-br.net\/#website"},"datePublished":"2019-04-25T13:17:15+00:00","dateModified":"2021-06-29T20:06:48+00:00","breadcrumb":{"@id":"https:\/\/wg.net-br.net\/produtos#breadcrumb"},"inLanguage":"en-US","potentialAction":[{"@type":"ReadAction","target":["https:\/\/wg.net-br.net\/produtos"]}]},{"@type":"BreadcrumbList","@id":"https:\/\/wg.net-br.net\/produtos#breadcrumb","itemListElement":[{"@type":"ListItem","position":1,"name":"In\u00edcio","item":"https:\/\/wg.net-br.net\/"},{"@type":"ListItem","position":2,"name":"Produtos"}]},{"@type":"WebSite","@id":"https:\/\/wg.net-br.net\/#website","url":"https:\/\/wg.net-br.net\/","name":"WG Food and Technology","description":"Quality and Agility","publisher":{"@id":"https:\/\/wg.net-br.net\/#organization"},"potentialAction":[{"@type":"SearchAction","target":{"@type":"EntryPoint","urlTemplate":"https:\/\/wg.net-br.net\/?s={search_term_string}"},"query-input":{"@type":"PropertyValueSpecification","valueRequired":true,"valueName":"search_term_string"}}],"inLanguage":"en-US"},{"@type":"Organization","@id":"https:\/\/wg.net-br.net\/#organization","name":"WG Food and Technology","url":"https:\/\/wg.net-br.net\/","logo":{"@type":"ImageObject","inLanguage":"en-US","@id":"https:\/\/wg.net-br.net\/#\/schema\/logo\/image\/","url":"https:\/\/wg.net-br.net\/wp-content\/uploads\/2019\/02\/LOGOMARCA-WG-ALIMENTOS-TECNOLOGIA-LV.png","contentUrl":"https:\/\/wg.net-br.net\/wp-content\/uploads\/2019\/02\/LOGOMARCA-WG-ALIMENTOS-TECNOLOGIA-LV.png","width":397,"height":374,"caption":"WG Alimentos e Tecnologia"},"image":{"@id":"https:\/\/wg.net-br.net\/#\/schema\/logo\/image\/"}}]}},"_links":{"self":[{"href":"https:\/\/wg.net-br.net\/en\/wp-json\/wp\/v2\/pages\/182","targetHints":{"allow":["GET"]}}],"collection":[{"href":"https:\/\/wg.net-br.net\/en\/wp-json\/wp\/v2\/pages"}],"about":[{"href":"https:\/\/wg.net-br.net\/en\/wp-json\/wp\/v2\/types\/page"}],"author":[{"embeddable":true,"href":"https:\/\/wg.net-br.net\/en\/wp-json\/wp\/v2\/users\/1"}],"replies":[{"embeddable":true,"href":"https:\/\/wg.net-br.net\/en\/wp-json\/wp\/v2\/comments?post=182"}],"version-history":[{"count":4,"href":"https:\/\/wg.net-br.net\/en\/wp-json\/wp\/v2\/pages\/182\/revisions"}],"predecessor-version":[{"id":407,"href":"https:\/\/wg.net-br.net\/en\/wp-json\/wp\/v2\/pages\/182\/revisions\/407"}],"wp:attachment":[{"href":"https:\/\/wg.net-br.net\/en\/wp-json\/wp\/v2\/media?parent=182"}],"curies":[{"name":"wp","href":"https:\/\/api.w.org\/{rel}","templated":true}]}}