{"id":24,"date":"2017-02-02T02:47:45","date_gmt":"2017-02-02T02:47:45","guid":{"rendered":"http:\/\/wgpesca.com.br\/?page_id=24"},"modified":"2023-04-12T17:24:56","modified_gmt":"2023-04-12T20:24:56","slug":"quem-somos","status":"publish","type":"page","link":"https:\/\/wg.net-br.net\/en\/quem-somos","title":{"rendered":"Who we are"},"content":{"rendered":"<p><strong>Eyesight<\/strong> \u2013 To become a reference for our customers in providing high quality products of ocean origin and services related to information technology in the greater Jo\u00e3o Pessoa region of Para\u00edba.<\/p>\r\n\r\n\r\n\r\n<p><strong>Mission<\/strong> \u2013 Provide our consumers with the best products of ocean origin and provide high quality services, promoting the highest possible level of interaction at the time of purchase and after-sales through the use of technological resources.<\/p>\r\n\r\n\r\n\r\n<p><strong>Values <\/strong><\/p>\r\n\r\n\r\n\r\n<ul class=\"wp-block-list\">\r\n<li>ethic<\/li>\r\n<li>Social and Environmental Responsibility<\/li>\r\n<li>Commitment<\/li>\r\n<li>Agility<\/li>\r\n<li>Respect<\/li>\r\n<\/ul>\r\n\r\n\r\n\r\n<p>&nbsp;<\/p>","protected":false},"excerpt":{"rendered":"<p>Vision \u2013 To become a reference for our customers in the supply of high quality products of ocean origin and services related to information technology in the greater Jo\u00e3o Pessoa region in Para\u00edba. Mission \u2013 To provide our consumers with the best products of ocean origin and provide high quality services promoting the highest level\u2026<\/p>","protected":false},"author":1,"featured_media":117,"parent":0,"menu_order":0,"comment_status":"closed","ping_status":"closed","template":"","meta":{"loftloader_page_shortcode":"","footnotes":""},"class_list":["post-24","page","type-page","status-publish","has-post-thumbnail","hentry"],"yoast_head":"<!-- This site is optimized with the Yoast SEO plugin v27.4 - https:\/\/yoast.com\/product\/yoast-seo-wordpress\/ -->\n<title>Quem somos - WG Alimentos e Tecnologia<\/title>\n<meta name=\"robots\" content=\"index, follow, max-snippet:-1, max-image-preview:large, max-video-preview:-1\" \/>\n<link rel=\"canonical\" href=\"https:\/\/wg.net-br.net\/en\/quem-somos\/\" \/>\n<meta property=\"og:locale\" content=\"en_US\" \/>\n<meta property=\"og:type\" content=\"article\" \/>\n<meta property=\"og:title\" content=\"Quem somos - WG Alimentos e Tecnologia\" \/>\n<meta property=\"og:description\" content=\"Vis\u00e3o \u2013 Se tornar refer\u00eancia para nossos clientes no fornecimento de produtos de origem oce\u00e2nica de alta qualidade e servi\u00e7os relacionados a tecnologia da informa\u00e7\u00e3o na regi\u00e3o da grande Jo\u00e3o Pessoa na Para\u00edba. Miss\u00e3o \u2013 Fornecer para nosso consumidor os melhores produtos de origem oce\u00e2nica e disponibilizar servi\u00e7os de alta qualidade promovendo o maior n\u00edvel&hellip;\" \/>\n<meta property=\"og:url\" content=\"https:\/\/wg.net-br.net\/en\/quem-somos\/\" \/>\n<meta property=\"og:site_name\" content=\"WG Alimentos e Tecnologia\" \/>\n<meta property=\"article:modified_time\" content=\"2023-04-12T20:24:56+00:00\" \/>\n<meta property=\"og:image\" content=\"https:\/\/wg.net-br.net\/wp-content\/uploads\/2019\/02\/LOGOMARCA-WG-ALIMENTOS-TECNOLOGIA-LV.png\" \/>\n\t<meta property=\"og:image:width\" content=\"397\" \/>\n\t<meta property=\"og:image:height\" content=\"374\" \/>\n\t<meta property=\"og:image:type\" content=\"image\/png\" \/>\n<meta name=\"twitter:card\" content=\"summary_large_image\" \/>\n<meta name=\"twitter:label1\" content=\"Est. reading time\" \/>\n\t<meta name=\"twitter:data1\" content=\"1 minute\" \/>\n<script type=\"application\/ld+json\" class=\"yoast-schema-graph\">{\"@context\":\"https:\\\/\\\/schema.org\",\"@graph\":[{\"@type\":\"WebPage\",\"@id\":\"https:\\\/\\\/wg.net-br.net\\\/quem-somos\",\"url\":\"https:\\\/\\\/wg.net-br.net\\\/quem-somos\",\"name\":\"Quem somos - WG Alimentos e Tecnologia\",\"isPartOf\":{\"@id\":\"https:\\\/\\\/wg.net-br.net\\\/#website\"},\"primaryImageOfPage\":{\"@id\":\"https:\\\/\\\/wg.net-br.net\\\/quem-somos#primaryimage\"},\"image\":{\"@id\":\"https:\\\/\\\/wg.net-br.net\\\/quem-somos#primaryimage\"},\"thumbnailUrl\":\"https:\\\/\\\/wg.net-br.net\\\/wp-content\\\/uploads\\\/2019\\\/02\\\/LOGOMARCA-WG-ALIMENTOS-TECNOLOGIA-LV.png\",\"datePublished\":\"2017-02-02T02:47:45+00:00\",\"dateModified\":\"2023-04-12T20:24:56+00:00\",\"breadcrumb\":{\"@id\":\"https:\\\/\\\/wg.net-br.net\\\/quem-somos#breadcrumb\"},\"inLanguage\":\"en-US\",\"potentialAction\":[{\"@type\":\"ReadAction\",\"target\":[\"https:\\\/\\\/wg.net-br.net\\\/quem-somos\"]}]},{\"@type\":\"ImageObject\",\"inLanguage\":\"en-US\",\"@id\":\"https:\\\/\\\/wg.net-br.net\\\/quem-somos#primaryimage\",\"url\":\"https:\\\/\\\/wg.net-br.net\\\/wp-content\\\/uploads\\\/2019\\\/02\\\/LOGOMARCA-WG-ALIMENTOS-TECNOLOGIA-LV.png\",\"contentUrl\":\"https:\\\/\\\/wg.net-br.net\\\/wp-content\\\/uploads\\\/2019\\\/02\\\/LOGOMARCA-WG-ALIMENTOS-TECNOLOGIA-LV.png\",\"width\":397,\"height\":374},{\"@type\":\"BreadcrumbList\",\"@id\":\"https:\\\/\\\/wg.net-br.net\\\/quem-somos#breadcrumb\",\"itemListElement\":[{\"@type\":\"ListItem\",\"position\":1,\"name\":\"In\u00edcio\",\"item\":\"https:\\\/\\\/wg.net-br.net\\\/\"},{\"@type\":\"ListItem\",\"position\":2,\"name\":\"Quem somos\"}]},{\"@type\":\"WebSite\",\"@id\":\"https:\\\/\\\/wg.net-br.net\\\/#website\",\"url\":\"https:\\\/\\\/wg.net-br.net\\\/\",\"name\":\"WG Alimentos e Tecnologia\",\"description\":\"Qualidade e Agilidade\",\"publisher\":{\"@id\":\"https:\\\/\\\/wg.net-br.net\\\/#organization\"},\"potentialAction\":[{\"@type\":\"SearchAction\",\"target\":{\"@type\":\"EntryPoint\",\"urlTemplate\":\"https:\\\/\\\/wg.net-br.net\\\/?s={search_term_string}\"},\"query-input\":{\"@type\":\"PropertyValueSpecification\",\"valueRequired\":true,\"valueName\":\"search_term_string\"}}],\"inLanguage\":\"en-US\"},{\"@type\":\"Organization\",\"@id\":\"https:\\\/\\\/wg.net-br.net\\\/#organization\",\"name\":\"WG Alimentos e Tecnologia\",\"url\":\"https:\\\/\\\/wg.net-br.net\\\/\",\"logo\":{\"@type\":\"ImageObject\",\"inLanguage\":\"en-US\",\"@id\":\"https:\\\/\\\/wg.net-br.net\\\/#\\\/schema\\\/logo\\\/image\\\/\",\"url\":\"https:\\\/\\\/wg.net-br.net\\\/wp-content\\\/uploads\\\/2019\\\/02\\\/LOGOMARCA-WG-ALIMENTOS-TECNOLOGIA-LV.png\",\"contentUrl\":\"https:\\\/\\\/wg.net-br.net\\\/wp-content\\\/uploads\\\/2019\\\/02\\\/LOGOMARCA-WG-ALIMENTOS-TECNOLOGIA-LV.png\",\"width\":397,\"height\":374,\"caption\":\"WG Alimentos e Tecnologia\"},\"image\":{\"@id\":\"https:\\\/\\\/wg.net-br.net\\\/#\\\/schema\\\/logo\\\/image\\\/\"}}]}<\/script>\n<!-- \/ Yoast SEO plugin. -->","yoast_head_json":{"title":"Who we are - WG Food and Technology","robots":{"index":"index","follow":"follow","max-snippet":"max-snippet:-1","max-image-preview":"max-image-preview:large","max-video-preview":"max-video-preview:-1"},"canonical":"https:\/\/wg.net-br.net\/en\/quem-somos\/","og_locale":"en_US","og_type":"article","og_title":"Quem somos - WG Alimentos e Tecnologia","og_description":"Vis\u00e3o \u2013 Se tornar refer\u00eancia para nossos clientes no fornecimento de produtos de origem oce\u00e2nica de alta qualidade e servi\u00e7os relacionados a tecnologia da informa\u00e7\u00e3o na regi\u00e3o da grande Jo\u00e3o Pessoa na Para\u00edba. Miss\u00e3o \u2013 Fornecer para nosso consumidor os melhores produtos de origem oce\u00e2nica e disponibilizar servi\u00e7os de alta qualidade promovendo o maior n\u00edvel&hellip;","og_url":"https:\/\/wg.net-br.net\/en\/quem-somos\/","og_site_name":"WG Alimentos e Tecnologia","article_modified_time":"2023-04-12T20:24:56+00:00","og_image":[{"width":397,"height":374,"url":"https:\/\/wg.net-br.net\/wp-content\/uploads\/2019\/02\/LOGOMARCA-WG-ALIMENTOS-TECNOLOGIA-LV.png","type":"image\/png"}],"twitter_card":"summary_large_image","twitter_misc":{"Est. reading time":"1 minute"},"schema":{"@context":"https:\/\/schema.org","@graph":[{"@type":"WebPage","@id":"https:\/\/wg.net-br.net\/quem-somos","url":"https:\/\/wg.net-br.net\/quem-somos","name":"Who we are - WG Food and Technology","isPartOf":{"@id":"https:\/\/wg.net-br.net\/#website"},"primaryImageOfPage":{"@id":"https:\/\/wg.net-br.net\/quem-somos#primaryimage"},"image":{"@id":"https:\/\/wg.net-br.net\/quem-somos#primaryimage"},"thumbnailUrl":"https:\/\/wg.net-br.net\/wp-content\/uploads\/2019\/02\/LOGOMARCA-WG-ALIMENTOS-TECNOLOGIA-LV.png","datePublished":"2017-02-02T02:47:45+00:00","dateModified":"2023-04-12T20:24:56+00:00","breadcrumb":{"@id":"https:\/\/wg.net-br.net\/quem-somos#breadcrumb"},"inLanguage":"en-US","potentialAction":[{"@type":"ReadAction","target":["https:\/\/wg.net-br.net\/quem-somos"]}]},{"@type":"ImageObject","inLanguage":"en-US","@id":"https:\/\/wg.net-br.net\/quem-somos#primaryimage","url":"https:\/\/wg.net-br.net\/wp-content\/uploads\/2019\/02\/LOGOMARCA-WG-ALIMENTOS-TECNOLOGIA-LV.png","contentUrl":"https:\/\/wg.net-br.net\/wp-content\/uploads\/2019\/02\/LOGOMARCA-WG-ALIMENTOS-TECNOLOGIA-LV.png","width":397,"height":374},{"@type":"BreadcrumbList","@id":"https:\/\/wg.net-br.net\/quem-somos#breadcrumb","itemListElement":[{"@type":"ListItem","position":1,"name":"In\u00edcio","item":"https:\/\/wg.net-br.net\/"},{"@type":"ListItem","position":2,"name":"Quem somos"}]},{"@type":"WebSite","@id":"https:\/\/wg.net-br.net\/#website","url":"https:\/\/wg.net-br.net\/","name":"WG Food and Technology","description":"Quality and Agility","publisher":{"@id":"https:\/\/wg.net-br.net\/#organization"},"potentialAction":[{"@type":"SearchAction","target":{"@type":"EntryPoint","urlTemplate":"https:\/\/wg.net-br.net\/?s={search_term_string}"},"query-input":{"@type":"PropertyValueSpecification","valueRequired":true,"valueName":"search_term_string"}}],"inLanguage":"en-US"},{"@type":"Organization","@id":"https:\/\/wg.net-br.net\/#organization","name":"WG Food and Technology","url":"https:\/\/wg.net-br.net\/","logo":{"@type":"ImageObject","inLanguage":"en-US","@id":"https:\/\/wg.net-br.net\/#\/schema\/logo\/image\/","url":"https:\/\/wg.net-br.net\/wp-content\/uploads\/2019\/02\/LOGOMARCA-WG-ALIMENTOS-TECNOLOGIA-LV.png","contentUrl":"https:\/\/wg.net-br.net\/wp-content\/uploads\/2019\/02\/LOGOMARCA-WG-ALIMENTOS-TECNOLOGIA-LV.png","width":397,"height":374,"caption":"WG Alimentos e Tecnologia"},"image":{"@id":"https:\/\/wg.net-br.net\/#\/schema\/logo\/image\/"}}]}},"_links":{"self":[{"href":"https:\/\/wg.net-br.net\/en\/wp-json\/wp\/v2\/pages\/24","targetHints":{"allow":["GET"]}}],"collection":[{"href":"https:\/\/wg.net-br.net\/en\/wp-json\/wp\/v2\/pages"}],"about":[{"href":"https:\/\/wg.net-br.net\/en\/wp-json\/wp\/v2\/types\/page"}],"author":[{"embeddable":true,"href":"https:\/\/wg.net-br.net\/en\/wp-json\/wp\/v2\/users\/1"}],"replies":[{"embeddable":true,"href":"https:\/\/wg.net-br.net\/en\/wp-json\/wp\/v2\/comments?post=24"}],"version-history":[{"count":20,"href":"https:\/\/wg.net-br.net\/en\/wp-json\/wp\/v2\/pages\/24\/revisions"}],"predecessor-version":[{"id":529,"href":"https:\/\/wg.net-br.net\/en\/wp-json\/wp\/v2\/pages\/24\/revisions\/529"}],"wp:featuredmedia":[{"embeddable":true,"href":"https:\/\/wg.net-br.net\/en\/wp-json\/wp\/v2\/media\/117"}],"wp:attachment":[{"href":"https:\/\/wg.net-br.net\/en\/wp-json\/wp\/v2\/media?parent=24"}],"curies":[{"name":"wp","href":"https:\/\/api.w.org\/{rel}","templated":true}]}}