{"id":498,"date":"2022-06-11T12:21:49","date_gmt":"2022-06-11T15:21:49","guid":{"rendered":"https:\/\/wg.net-br.net\/?page_id=498"},"modified":"2022-06-11T13:00:19","modified_gmt":"2022-06-11T16:00:19","slug":"privacidade","status":"publish","type":"page","link":"https:\/\/wg.net-br.net\/en\/privacidade","title":{"rendered":"Privacy"},"content":{"rendered":"<p><strong>Who we are?<\/strong><\/p>\n<p>WG is a Food and Service Distribution COMPANY, our official website is the<\/p>\n<p><strong>WG.net-br.net.<\/strong><\/p>\n<p><strong>What do our websites and apps collect from our users?<\/strong><\/p>\n<p><strong>Comments<\/strong><\/p>\n<p>When visitors leave comments on the site, we collect the data shown in the comment form as well as the visitor&#039;s IP address and browser user agent string to help detect spam.<\/p>\n<p><strong>Average<\/strong><\/p>\n<p>If you upload images to the website or app, please avoid uploading images with embedded location data (EXIF GPS) included. Site visitors can download and extract any location data from images on the site.<\/p>\n<p><strong>forms<\/strong><br \/>\n<strong>Cookies<\/strong><\/p>\n<p>If you leave a comment on our website, you may choose to save your name, email address and website in cookies. These are for your convenience so you don&#039;t have to fill in your details again when you leave another comment. These cookies last for one year.<\/p>\n<p>If you visit our login page, we will set a temporary cookie to determine if your browser accepts cookies. This cookie does not contain personal data and is discarded when you close your browser.<\/p>\n<p>When you log in, we will also set various cookies to save your login information and your screen display options. Login cookies last for two days and screen options cookies last for one year. If you select \u201cRemember me\u201d, your login will persist for two weeks. If you log out of your account, login cookies will be removed.<\/p>\n<p><strong>Embedded content from other websites<\/strong><\/p>\n<p>Articles on this site may include embedded content (e.g. videos, images, articles, etc.). Embedded content from other websites behaves in exactly the same way as if the visitor had visited the other website.<\/p>\n<p>These websites may collect data about you, use cookies, incorporate additional third-party tracking, and monitor your interaction with such embedded content, including tracking your interaction with such embedded content, if you have an account and are logged into that website.<\/p>\n<p><strong>With whom do we share your data?<\/strong><\/p>\n<p>All data from our website and application is shared exclusively with our Association and with our partner provider of technological frameworks.<\/p>\n<p><strong>How long do we retain your data<\/strong><\/p>\n<p>If you leave a comment, the comment and its metadata will be retained indefinitely. This is so that we can recognize and approve any follow-up comments automatically, rather than keeping them in a moderation queue.<\/p>\n<p>For users who register on our website and app, we also store the personal information they provide in their user profile. All users can view, edit or delete their personal information at any time (except they cannot change their username). Site administrators can also view and edit this information.<\/p>\n<p><strong>What rights do you have over your data?<\/strong><\/p>\n<p>If you have an account on this site or have left comments, you can request an exported file of the personal data we hold about you, including any data you have provided to us. You can also request that we erase any personal data we hold about you. This does not include any data that we are required to keep for administrative, legal or security purposes.<\/p>\n<p><strong>Who protects your data<\/strong><\/p>\n<p>Your data is protected in dedicated structures created to protect your information stably and securely 24 hours a day without interruption, with a team trained to keep your information under the highest confidentiality.<\/p>\n<p>THE <strong>WG.net-br.net<\/strong> reserves the right to change its terms without notice from time to time<\/p>\n<p>&nbsp;<\/p>","protected":false},"excerpt":{"rendered":"<p>Who we are? WG is a Food and Services Distribution COMPANY, our official website is WG.net-br.net. What do our websites and apps collect from our users? Comments When visitors leave comments on the site, we collect the data shown in the comments form and also the visitor&#039;s IP address and\u2026<\/p>","protected":false},"author":1,"featured_media":0,"parent":0,"menu_order":0,"comment_status":"closed","ping_status":"closed","template":"","meta":{"loftloader_page_shortcode":"","footnotes":""},"class_list":["post-498","page","type-page","status-publish","hentry"],"yoast_head":"<!-- This site is optimized with the Yoast SEO plugin v27.3 - https:\/\/yoast.com\/product\/yoast-seo-wordpress\/ -->\n<title>Privacidade - WG Alimentos e Tecnologia<\/title>\n<meta name=\"robots\" content=\"index, follow, max-snippet:-1, max-image-preview:large, max-video-preview:-1\" \/>\n<link rel=\"canonical\" href=\"https:\/\/wg.net-br.net\/en\/privacidade\/\" \/>\n<meta property=\"og:locale\" content=\"en_US\" \/>\n<meta property=\"og:type\" content=\"article\" \/>\n<meta property=\"og:title\" content=\"Privacidade - WG Alimentos e Tecnologia\" \/>\n<meta property=\"og:description\" content=\"Quem Somos? A WG \u00e9 uma EMPRESA de Distribui\u00e7\u00e3o de Alimentos e Servi\u00e7os, o nosso website oficial \u00e9 o WG.net-br.net. O que o nossos sites e aplicativos coletam de nossos usu\u00e1rios? Coment\u00e1rios Quando os visitantes deixam coment\u00e1rios no site, coletamos os dados mostrados no formul\u00e1rio de coment\u00e1rios e tamb\u00e9m o endere\u00e7o IP do visitante e&hellip;\" \/>\n<meta property=\"og:url\" content=\"https:\/\/wg.net-br.net\/en\/privacidade\/\" \/>\n<meta property=\"og:site_name\" content=\"WG Alimentos e Tecnologia\" \/>\n<meta property=\"article:modified_time\" content=\"2022-06-11T16:00:19+00:00\" \/>\n<meta name=\"twitter:card\" content=\"summary_large_image\" \/>\n<meta name=\"twitter:label1\" content=\"Est. reading time\" \/>\n\t<meta name=\"twitter:data1\" content=\"4 minutes\" \/>\n<script type=\"application\/ld+json\" class=\"yoast-schema-graph\">{\"@context\":\"https:\\\/\\\/schema.org\",\"@graph\":[{\"@type\":\"WebPage\",\"@id\":\"https:\\\/\\\/wg.net-br.net\\\/privacidade\",\"url\":\"https:\\\/\\\/wg.net-br.net\\\/privacidade\",\"name\":\"Privacidade - WG Alimentos e Tecnologia\",\"isPartOf\":{\"@id\":\"https:\\\/\\\/wg.net-br.net\\\/#website\"},\"datePublished\":\"2022-06-11T15:21:49+00:00\",\"dateModified\":\"2022-06-11T16:00:19+00:00\",\"breadcrumb\":{\"@id\":\"https:\\\/\\\/wg.net-br.net\\\/privacidade#breadcrumb\"},\"inLanguage\":\"en-US\",\"potentialAction\":[{\"@type\":\"ReadAction\",\"target\":[\"https:\\\/\\\/wg.net-br.net\\\/privacidade\"]}]},{\"@type\":\"BreadcrumbList\",\"@id\":\"https:\\\/\\\/wg.net-br.net\\\/privacidade#breadcrumb\",\"itemListElement\":[{\"@type\":\"ListItem\",\"position\":1,\"name\":\"In\u00edcio\",\"item\":\"https:\\\/\\\/wg.net-br.net\\\/\"},{\"@type\":\"ListItem\",\"position\":2,\"name\":\"Privacidade\"}]},{\"@type\":\"WebSite\",\"@id\":\"https:\\\/\\\/wg.net-br.net\\\/#website\",\"url\":\"https:\\\/\\\/wg.net-br.net\\\/\",\"name\":\"WG Alimentos e Tecnologia\",\"description\":\"Qualidade e Agilidade\",\"publisher\":{\"@id\":\"https:\\\/\\\/wg.net-br.net\\\/#organization\"},\"potentialAction\":[{\"@type\":\"SearchAction\",\"target\":{\"@type\":\"EntryPoint\",\"urlTemplate\":\"https:\\\/\\\/wg.net-br.net\\\/?s={search_term_string}\"},\"query-input\":{\"@type\":\"PropertyValueSpecification\",\"valueRequired\":true,\"valueName\":\"search_term_string\"}}],\"inLanguage\":\"en-US\"},{\"@type\":\"Organization\",\"@id\":\"https:\\\/\\\/wg.net-br.net\\\/#organization\",\"name\":\"WG Alimentos e Tecnologia\",\"url\":\"https:\\\/\\\/wg.net-br.net\\\/\",\"logo\":{\"@type\":\"ImageObject\",\"inLanguage\":\"en-US\",\"@id\":\"https:\\\/\\\/wg.net-br.net\\\/#\\\/schema\\\/logo\\\/image\\\/\",\"url\":\"https:\\\/\\\/wg.net-br.net\\\/wp-content\\\/uploads\\\/2019\\\/02\\\/LOGOMARCA-WG-ALIMENTOS-TECNOLOGIA-LV.png\",\"contentUrl\":\"https:\\\/\\\/wg.net-br.net\\\/wp-content\\\/uploads\\\/2019\\\/02\\\/LOGOMARCA-WG-ALIMENTOS-TECNOLOGIA-LV.png\",\"width\":397,\"height\":374,\"caption\":\"WG Alimentos e Tecnologia\"},\"image\":{\"@id\":\"https:\\\/\\\/wg.net-br.net\\\/#\\\/schema\\\/logo\\\/image\\\/\"}}]}<\/script>\n<!-- \/ Yoast SEO plugin. -->","yoast_head_json":{"title":"Privacy - WG Food and Technology","robots":{"index":"index","follow":"follow","max-snippet":"max-snippet:-1","max-image-preview":"max-image-preview:large","max-video-preview":"max-video-preview:-1"},"canonical":"https:\/\/wg.net-br.net\/en\/privacidade\/","og_locale":"en_US","og_type":"article","og_title":"Privacidade - WG Alimentos e Tecnologia","og_description":"Quem Somos? A WG \u00e9 uma EMPRESA de Distribui\u00e7\u00e3o de Alimentos e Servi\u00e7os, o nosso website oficial \u00e9 o WG.net-br.net. O que o nossos sites e aplicativos coletam de nossos usu\u00e1rios? Coment\u00e1rios Quando os visitantes deixam coment\u00e1rios no site, coletamos os dados mostrados no formul\u00e1rio de coment\u00e1rios e tamb\u00e9m o endere\u00e7o IP do visitante e&hellip;","og_url":"https:\/\/wg.net-br.net\/en\/privacidade\/","og_site_name":"WG Alimentos e Tecnologia","article_modified_time":"2022-06-11T16:00:19+00:00","twitter_card":"summary_large_image","twitter_misc":{"Est. reading time":"4 minutes"},"schema":{"@context":"https:\/\/schema.org","@graph":[{"@type":"WebPage","@id":"https:\/\/wg.net-br.net\/privacidade","url":"https:\/\/wg.net-br.net\/privacidade","name":"Privacy - WG Food and Technology","isPartOf":{"@id":"https:\/\/wg.net-br.net\/#website"},"datePublished":"2022-06-11T15:21:49+00:00","dateModified":"2022-06-11T16:00:19+00:00","breadcrumb":{"@id":"https:\/\/wg.net-br.net\/privacidade#breadcrumb"},"inLanguage":"en-US","potentialAction":[{"@type":"ReadAction","target":["https:\/\/wg.net-br.net\/privacidade"]}]},{"@type":"BreadcrumbList","@id":"https:\/\/wg.net-br.net\/privacidade#breadcrumb","itemListElement":[{"@type":"ListItem","position":1,"name":"In\u00edcio","item":"https:\/\/wg.net-br.net\/"},{"@type":"ListItem","position":2,"name":"Privacidade"}]},{"@type":"WebSite","@id":"https:\/\/wg.net-br.net\/#website","url":"https:\/\/wg.net-br.net\/","name":"WG Food and Technology","description":"Quality and Agility","publisher":{"@id":"https:\/\/wg.net-br.net\/#organization"},"potentialAction":[{"@type":"SearchAction","target":{"@type":"EntryPoint","urlTemplate":"https:\/\/wg.net-br.net\/?s={search_term_string}"},"query-input":{"@type":"PropertyValueSpecification","valueRequired":true,"valueName":"search_term_string"}}],"inLanguage":"en-US"},{"@type":"Organization","@id":"https:\/\/wg.net-br.net\/#organization","name":"WG Food and Technology","url":"https:\/\/wg.net-br.net\/","logo":{"@type":"ImageObject","inLanguage":"en-US","@id":"https:\/\/wg.net-br.net\/#\/schema\/logo\/image\/","url":"https:\/\/wg.net-br.net\/wp-content\/uploads\/2019\/02\/LOGOMARCA-WG-ALIMENTOS-TECNOLOGIA-LV.png","contentUrl":"https:\/\/wg.net-br.net\/wp-content\/uploads\/2019\/02\/LOGOMARCA-WG-ALIMENTOS-TECNOLOGIA-LV.png","width":397,"height":374,"caption":"WG Alimentos e Tecnologia"},"image":{"@id":"https:\/\/wg.net-br.net\/#\/schema\/logo\/image\/"}}]}},"_links":{"self":[{"href":"https:\/\/wg.net-br.net\/en\/wp-json\/wp\/v2\/pages\/498","targetHints":{"allow":["GET"]}}],"collection":[{"href":"https:\/\/wg.net-br.net\/en\/wp-json\/wp\/v2\/pages"}],"about":[{"href":"https:\/\/wg.net-br.net\/en\/wp-json\/wp\/v2\/types\/page"}],"author":[{"embeddable":true,"href":"https:\/\/wg.net-br.net\/en\/wp-json\/wp\/v2\/users\/1"}],"replies":[{"embeddable":true,"href":"https:\/\/wg.net-br.net\/en\/wp-json\/wp\/v2\/comments?post=498"}],"version-history":[{"count":5,"href":"https:\/\/wg.net-br.net\/en\/wp-json\/wp\/v2\/pages\/498\/revisions"}],"predecessor-version":[{"id":503,"href":"https:\/\/wg.net-br.net\/en\/wp-json\/wp\/v2\/pages\/498\/revisions\/503"}],"wp:attachment":[{"href":"https:\/\/wg.net-br.net\/en\/wp-json\/wp\/v2\/media?parent=498"}],"curies":[{"name":"wp","href":"https:\/\/api.w.org\/{rel}","templated":true}]}}